{"id":264,"date":"2025-12-28T17:31:46","date_gmt":"2025-12-28T14:31:46","guid":{"rendered":"https:\/\/ahmethatipoglu.com.tr\/?page_id=264"},"modified":"2026-01-18T08:37:01","modified_gmt":"2026-01-18T05:37:01","slug":"iletisim","status":"publish","type":"page","link":"https:\/\/ahmethatipoglu.com.tr\/en\/iletisim\/","title":{"rendered":"CONTACT US"},"content":{"rendered":"<div class=\"wp-block-superb-addons-animated-heading superbaddons-animated-heading-block superbaddons-animated-heading-effect2\" id=\"block-e917aa3d-cfd3-4de1-a60c-0d9b103d6e9e\" data-animation=\"effect2\" data-animation-speed=\"60\" data-animation-loop=\"true\"><\/div>\n\n\n\n<iframe src=\"https:\/\/www.google.com\/maps\/embed?pb=!1m18!1m12!1m3!1d3010.085908840928!2d28.9727619!3d41.023376400000004!2m3!1f0!2f0!3f0!3m2!1i1024!2i768!4f13.1!3m3!1m2!1s0x14cab9d807f47399%3A0x472771dac6733762!2sGalpera!5e0!3m2!1str!2str!4v1766931861275!5m2!1str!2str\" width=\"1000\" height=\"400\" style=\"border:0;\" allowfullscreen=\"\" loading=\"lazy\" referrerpolicy=\"no-referrer-when-downgrade\"><\/iframe>\n\n\n\n<p><\/p>\n\n\n\n<p><\/p>\n\n\n\n<h2 class=\"wp-block-heading\">CONTACT US<\/h2>\n\n\n\n<p><\/p>\n\n\n\n<p><a href=\"https:\/\/www.google.com\/maps\/dir\/\/Galpera+Arap+Cami+Keresteci+Faz%C4%B1l+Sk.+No:16+Kat:5+34425+Beyo%C4%9Flu%2F%C4%B0stanbul\/@41.0233764,28.9727619,16z\/data=!4m5!4m4!1m0!1m2!1m1!1s0x14cab9d807f47399:0x472771dac6733762\" title=\"\ud83d\udccd Arapcamii Mahallesi Keresteci Faz\u0131l Sokak No:16 Kat: 5 KARAK\u00d6Y \u2013 BEYO\u011eLU \u2013 \u0130STANBUL\"><strong>\ud83d\udccd<\/strong> Arapcamii Mahallesi Keresteci Faz\u0131l Sokak No:16 Kat: 5 KARAK\u00d6Y \u2013 BEYO\u011eLU \u2013 \u0130STANBUL<\/a><\/p>\n\n\n\n<p><strong>\u2709<\/strong> <a href=\"mailto:info@galpera.com\">info@galpera.com<\/a><\/p>\n\n\n\n<p><strong>\u260e<\/strong> <a href=\"tel:+905424257372\">0542 425 73 72<\/a><\/p>\n\n\n\n<div class=\"wp-block-media-text is-stacked-on-mobile\"><figure class=\"wp-block-media-text__media\"><img decoding=\"async\" src=\"https:\/\/ahmethatipoglu.com.tr\/wp-content\/uploads\/2025\/12\/AHMETHATIPOGLUFOTER.jpg\" alt=\"\" class=\"wp-image-430 size-full\"\/><\/figure><div class=\"wp-block-media-text__content\">\n<p><\/p>\n\n\n\n<div class=\"wp-block-contact-form-7-contact-form-selector\">\n<div class=\"wpcf7 no-js\" id=\"wpcf7-f113-o1\" lang=\"tr-TR\" dir=\"ltr\" data-wpcf7-id=\"113\">\n<div class=\"screen-reader-response\"><p role=\"status\" aria-live=\"polite\" aria-atomic=\"true\"><\/p> <ul><\/ul><\/div>\n<form action=\"\/en\/wp-json\/wp\/v2\/pages\/264#wpcf7-f113-o1\" method=\"post\" class=\"wpcf7-form init\" aria-label=\"\u0130leti\u015fim Formu\" novalidate=\"novalidate\" data-status=\"init\" data-trp-original-action=\"\/en\/wp-json\/wp\/v2\/pages\/264#wpcf7-f113-o1\">\n<fieldset class=\"hidden-fields-container\"><input type=\"hidden\" name=\"_wpcf7\" value=\"113\" \/><input type=\"hidden\" name=\"_wpcf7_version\" value=\"6.1.5\" \/><input type=\"hidden\" name=\"_wpcf7_locale\" value=\"tr_TR\" \/><input type=\"hidden\" name=\"_wpcf7_unit_tag\" value=\"wpcf7-f113-o1\" \/><input type=\"hidden\" name=\"_wpcf7_container_post\" value=\"0\" \/><input type=\"hidden\" name=\"_wpcf7_posted_data_hash\" value=\"\" \/>\n<\/fieldset>\n<p><label> Ad\u0131n\u0131z<br \/>\n<span class=\"wpcf7-form-control-wrap\" data-name=\"your-name\"><input size=\"40\" maxlength=\"400\" class=\"wpcf7-form-control wpcf7-text wpcf7-validates-as-required\" autocomplete=\"name\" aria-required=\"true\" aria-invalid=\"false\" value=\"\" type=\"text\" name=\"your-name\" \/><\/span> <\/label>\n<\/p>\n<p><label> E-posta adresiniz<br \/>\n<span class=\"wpcf7-form-control-wrap\" data-name=\"your-email\"><input size=\"40\" maxlength=\"400\" class=\"wpcf7-form-control wpcf7-email wpcf7-validates-as-required wpcf7-text wpcf7-validates-as-email\" autocomplete=\"email\" aria-required=\"true\" aria-invalid=\"false\" value=\"\" type=\"email\" name=\"your-email\" \/><\/span> <\/label>\n<\/p>\n<p><label> Konu<br \/>\n<span class=\"wpcf7-form-control-wrap\" data-name=\"your-subject\"><input size=\"40\" maxlength=\"400\" class=\"wpcf7-form-control wpcf7-text wpcf7-validates-as-required\" aria-required=\"true\" aria-invalid=\"false\" value=\"\" type=\"text\" name=\"your-subject\" \/><\/span> <\/label>\n<\/p>\n<p><label> \u0130letiniz (tercihe ba\u011fl\u0131)<br \/>\n<span class=\"wpcf7-form-control-wrap\" data-name=\"your-message\"><textarea cols=\"40\" rows=\"10\" maxlength=\"2000\" class=\"wpcf7-form-control wpcf7-textarea\" aria-invalid=\"false\" name=\"your-message\"><\/textarea><\/span> <\/label>\n<\/p>\n<p><input class=\"wpcf7-form-control wpcf7-submit has-spinner\" type=\"submit\" value=\"G\u00f6nder\" \/>\n<\/p><div class=\"wpcf7-response-output\" aria-hidden=\"true\"><\/div>\n<input type=\"hidden\" name=\"trp-form-language\" value=\"en\"\/><\/form>\n<\/div>\n<\/div>\n<\/div><\/div>","protected":false},"excerpt":{"rendered":"<p>B\u0130ZE ULA\u015eIN \ud83d\udccd Arapcamii Mahallesi Keresteci Faz\u0131l Sokak No:16 Kat: 5 KARAK\u00d6Y \u2013 BEYO\u011eLU \u2013 \u0130STANBUL \u2709 info@galpera.com \u260e 0542 425 73 72<\/p>","protected":false},"author":1,"featured_media":0,"parent":0,"menu_order":0,"comment_status":"closed","ping_status":"closed","template":"","meta":{"footnotes":""},"class_list":["post-264","page","type-page","status-publish","hentry"],"aioseo_notices":[],"_links":{"self":[{"href":"https:\/\/ahmethatipoglu.com.tr\/en\/wp-json\/wp\/v2\/pages\/264","targetHints":{"allow":["GET"]}}],"collection":[{"href":"https:\/\/ahmethatipoglu.com.tr\/en\/wp-json\/wp\/v2\/pages"}],"about":[{"href":"https:\/\/ahmethatipoglu.com.tr\/en\/wp-json\/wp\/v2\/types\/page"}],"author":[{"embeddable":true,"href":"https:\/\/ahmethatipoglu.com.tr\/en\/wp-json\/wp\/v2\/users\/1"}],"replies":[{"embeddable":true,"href":"https:\/\/ahmethatipoglu.com.tr\/en\/wp-json\/wp\/v2\/comments?post=264"}],"version-history":[{"count":30,"href":"https:\/\/ahmethatipoglu.com.tr\/en\/wp-json\/wp\/v2\/pages\/264\/revisions"}],"predecessor-version":[{"id":848,"href":"https:\/\/ahmethatipoglu.com.tr\/en\/wp-json\/wp\/v2\/pages\/264\/revisions\/848"}],"wp:attachment":[{"href":"https:\/\/ahmethatipoglu.com.tr\/en\/wp-json\/wp\/v2\/media?parent=264"}],"curies":[{"name":"wp","href":"https:\/\/api.w.org\/{rel}","templated":true}]}}